{"id":3,"date":"2020-11-09T09:44:10","date_gmt":"2020-11-09T09:44:10","guid":{"rendered":"http:\/\/www.hosteleriabilbao.com\/?page_id=3"},"modified":"2020-11-10T09:24:21","modified_gmt":"2020-11-10T08:24:21","slug":"politica-privacidad","status":"publish","type":"page","link":"https:\/\/www.hosteleriabilbao.com\/index.php\/politica-privacidad\/","title":{"rendered":"Pol\u00edtica de privacidad"},"content":{"rendered":"\n<p>El presente aviso legal (en adelante, el \u00abAviso Legal\u00bb) regula el uso del servicio del portal de Internet http:\/\/hosteleriabilbao.com (en adelante, el \u00abWeb\u00bb) de AGRUPACI\u00d3N EMPRESARIAL BILBAO CENTRO con domicilio social en PARTICULAR DE INDAUTXU 1 48001, BILBAO (VIZCAYA)<em>,\u00a0<\/em>G95300711.<\/p>\n\n\n\n<p><strong>Legislaci\u00f3n<\/strong><br>Con car\u00e1cter general las relaciones entre&nbsp;AGRUPACI\u00d3N EMPRESARIAL BILBAO CENTRO con los Usuarios de sus servicios telem\u00e1ticos, presentes en la web, se encuentran sometidas a la legislaci\u00f3n y jurisdicci\u00f3n espa\u00f1olas.<\/p>\n\n\n\n<p>Las partes renuncian expresamente al fuero que les pudiera corresponder y someten expresamente a los Juzgados y Tribunales de Bilbao para resolver cualquier controversia que pueda surgir en la interpretaci\u00f3n o ejecuci\u00f3n de las presentes condiciones contractuales.<\/p>\n\n\n\n<p><strong>Contenido y uso<\/strong><br>El Usuario queda informado, y acepta, que el acceso a la presente web no supone, en modo alguno, el inicio de una relaci\u00f3n comercial con AGRUPACI\u00d3N EMPRESARIAL BILBAO CENTRO.<br>El titular del web no se identifica con las opiniones vertidas en el mismo por sus colaboradores. La Empresa se reserva el derecho de efectuar sin previo aviso las modificaciones que considere oportunas en su Web, pudiendo cambiar, suprimir o a\u00f1adir tanto los contenidos y servicios que se presten a trav\u00e9s de la misma como la forma en la que \u00e9stos aparezcan presentados o localizados en sus servidores.<\/p>\n\n\n\n<p><strong>Propiedad intelectual e industrial<\/strong><br>Los derechos de propiedad intelectual del contenido de las p\u00e1ginas web, su dise\u00f1o gr\u00e1fico y c\u00f3digos son titularidad de&nbsp;AGRUPACI\u00d3N EMPRESARIAL BILBAO CENTRO y, por tanto, queda prohibida su reproducci\u00f3n, distribuci\u00f3n, comunicaci\u00f3n p\u00fablica, transformaci\u00f3n o cualquier otra actividad que se pueda realizar con los contenidos de sus p\u00e1ginas web ni a\u00fan citando las fuentes, salvo consentimiento por escrito de&nbsp;AGRUPACI\u00d3N EMPRESARIAL BILBAO CENTRO. Todos los nombres comerciales, marcas o signos distintos de cualquier clase contenidos en las p\u00e1ginas web de la Empresa son propiedad de sus due\u00f1os y est\u00e1n protegidos por ley.<\/p>\n\n\n\n<p><strong>Enlaces (links)<\/strong><br>La presencia de enlaces (links) en las p\u00e1ginas web de&nbsp;AGRUPACI\u00d3N EMPRESARIAL BILBAO CENTRO tiene finalidad meramente informativa y en ning\u00fan caso supone sugerencia, invitaci\u00f3n o recomendaci\u00f3n sobre los mismos.<\/p>\n\n\n\n<p><strong>Confidencialidad y protecci\u00f3n de datos<\/strong><br>A efecto de lo previsto en la Ley Org\u00e1nica 15\/1999, de 13 de diciembre, de Protecci\u00f3n de Datos de Car\u00e1cter Personal,&nbsp;AGRUPACI\u00d3N EMPRESARIAL BILBAO CENTRO informa al Usuario de la existencia de un fichero automatizado de datos de car\u00e1cter personal creado por y para&nbsp;AGRUPACI\u00d3N EMPRESARIAL BILBAO CENTRO y bajo su responsabilidad, con la finalidad de realizar el mantenimiento y gesti\u00f3n de la relaci\u00f3n con el Usuario, as\u00ed como las labores de informaci\u00f3n. En el momento de la aceptaci\u00f3n de las presentes condiciones generales,&nbsp;AGRUPACI\u00d3N EMPRESARIAL BILBAO CENTRO precisar\u00e1 del Usuario la recogida de unos datos imprescindibles para la prestaci\u00f3n de sus servicios.<\/p>\n\n\n\n<p><strong>Registro de ficheros y formularios<\/strong><br>La cumplimentaci\u00f3n del formulario de registro es obligatoria para acceder y disfrutar de determinados servicios ofrecidos en la web. El no facilitar los datos personales solicitados o el no aceptar la presente pol\u00edtica de protecci\u00f3n de datos supone la imposibilidad de suscribirse, registrarse o participar en cualquiera de las promociones en las que se soliciten datos car\u00e1cter personal.<\/p>\n\n\n\n<p>De acuerdo a lo establecido en la Ley Org\u00e1nica 15\/1999, de 13 de diciembre, de Protecci\u00f3n de Datos de Car\u00e1cter Personal, le informamos que los datos personales que se obtengan como consecuencia de su registro como Usuario, ser\u00e1n incorporados a un fichero titularidad de&nbsp;AGRUPACI\u00d3N EMPRESARIAL BILBAO CENTRO con C.I.F&nbsp;G95300711 y domicilio en&nbsp;PARTICULAR DE INDAUTXU 1 48001, BILBAO &#8211; BIZKAIA, teniendo implementadas las medidas de seguridad establecidas en el Real Decreto 1720\/2007, de 11 de junio.<\/p>\n\n\n\n<p><strong>Exactitud y veracidad de los datos facilitados<\/strong><br>El Usuario es el \u00fanico responsable de la veracidad y correcci\u00f3n de los datos incluidos, exoner\u00e1ndose&nbsp;AGRUPACI\u00d3N EMPRESARIAL BILBAO CENTRO de cualquier responsabilidad al respecto. Los usuarios garantizan y responden, en cualquier caso, de la exactitud, vigencia y autenticidad de los datos personales facilitados, y se comprometen a mantenerlos debidamente actualizados. El usuario acepta proporcionar informaci\u00f3n completa y correcta en el formulario de registro o suscripci\u00f3n. AGRUPACI\u00d3N EMPRESARIAL BILBAO CENTRO no responde de la veracidad de las informaciones que no sean de elaboraci\u00f3n propia y de las que se indique otra fuente, por lo que tampoco asume responsabilidad alguna en cuanto a hipot\u00e9ticos perjuicios que pudieran originarse por el uso de dicha informaci\u00f3n. AGRUPACI\u00d3N EMPRESARIAL BILBAO CENTRO se reserva el derecho a actualizar, modificar o eliminar la informaci\u00f3n contenida en sus p\u00e1ginas web pudiendo incluso limitar o no permitir el acceso a dicha informaci\u00f3n. Se exonera a AGRUPACI\u00d3N EMPRESARIAL BILBAO CENTRO de responsabilidad ante cualquier da\u00f1o o perjuicio que pudiera sufrir el Usuario como consecuencia de errores, defectos u omisiones, en la informaci\u00f3n facilitada por AGRUPACI\u00d3N EMPRESARIAL BILBAO CENTRO siempre que proceda de fuentes ajenas a AGRUPACI\u00d3N EMPRESARIAL BILBAO CENTRO.<\/p>\n\n\n\n<p><strong>Pol\u00edtica de privacidad y utilizaci\u00f3n de cookies<\/strong><\/p>\n\n\n\n<p>Con lo que respecta a los datos personales facilitados en la navegaci\u00f3n,&nbsp;AGRUPACI\u00d3N EMPRESARIAL BILBAO CENTRO se compromete a no utilizarlos para fines distintos a aqu\u00e9llos para los que el usuario los haya facilitado. Asimismo se informa al usuario, de que podr\u00e1 en cualquier momento, ejercer los derechos de acceso, rectificaci\u00f3n, cancelaci\u00f3n y oposici\u00f3n, remitiendo escrito junto con copia de DNI a AGRUPACI\u00d3N EMPRESARIAL BILBAO CENTRO, PARTICULAR DE INDAUTXU 1 48001, BILBAO (VIZCAYA).<\/p>\n\n\n\n<p>Por \u00faltimo,&nbsp;AGRUPACI\u00d3N EMPRESARIAL BILBAO CENTRO le informa, y usted presta consentimiento para la utilizaci\u00f3n de cookies en nuestro sitio Web, ya sea mediante aceptaci\u00f3n expresa en el banner de inicio, o mediante la mera navegaci\u00f3n. De igual modo, le informamos de que puede configurar su navegador para aceptar o rechazar las cookies y para que \u00e9stas sean borradas autom\u00e1ticamente tras la navegaci\u00f3n.<\/p>\n\n\n\n<p>Por otro lado, le informamos de que otras plataformas y redes sociales en las que pueda compartir contenidos utilizan cookies, por lo que le aconsejamos a efectos de obtener informaci\u00f3n de las mismas y poder gestionarlas.<\/p>\n\n\n\n<p><strong>Informaci\u00f3n sobre las cookies utilizadas<\/strong><\/p>\n\n\n\n<p>AGRUPACI\u00d3N EMPRESARIAL BILBAO CENTRO&nbsp;utiliza cookies, o peque\u00f1as piezas de informaci\u00f3n almacenados en su ordenador, para verificar qui\u00e9n es usted. Hay cookies para los usuarios registrados y participantes en el Blog (comentarios).<\/p>\n\n\n\n<p>-Panel de usuarios registrados y administraci\u00f3n.<\/p>\n\n\n\n<p>-Al iniciar sesi\u00f3n en la zona de usuarios registrados,&nbsp;AGRUPACI\u00d3N EMPRESARIAL BILBAO CENTRO almacena los siguientes cookies :<\/p>\n\n\n\n<p>* -Su nombre de usuario<\/p>\n\n\n\n<p>* -Una copia de doble hash de la contrase\u00f1a<\/p>\n\n\n\n<p><strong>Los comentarios<\/strong><\/p>\n\n\n\n<p>Cuando los visitantes hagan comentarios en su blog, que tambi\u00e9n est\u00e1n las cookies almacenadas en su ordenador. Esto es puramente una conveniencia, de modo que el visitante no tendr\u00e1 que volver a escribir toda su informaci\u00f3n nuevamente cuando quieren dejar otro comentario. Tres cookies se establecen para los comentarios:<\/p>\n\n\n\n<p>comment_author comment_author_email comment_author_url<\/p>\n\n\n\n<p>Las cookies de los comentarios se fijan para expirar un poco menos de un a\u00f1o desde el momento en que est\u00e1n establecidas.<\/p>\n\n\n\n<p><strong>Google Analytics<\/strong><\/p>\n\n\n\n<p>En cumplimiento del Real Decreto-ley 13\/2012, AGRUPACI\u00d3N EMPRESARIAL BILBAO CENTRO le informa de que su sitio web utiliza Google Analytics, un servicio de anal\u00edtica web prestado por Google, Inc. Google Analytics ubica una serie de cookies (4 por defecto) en su ordenador con la unica finalidad de evaluar el tipo de navegaci\u00f3n que realice por la pagina web y presentarnos informes de actividad en el sitio web.<\/p>\n\n\n\n<p>Google almacena la informaci\u00f3n recogida por las cookies en servidores ubicados en Estados Unidos y se compromete a no compartirla con terceros, excepto cuando la ley le obligue a ello o sea necesario para el funcionamiento del sistema. Google no asocia su direcci\u00f3n IP con ninguna otra informaci\u00f3n que tenga.<\/p>\n\n\n\n<p>Google Inc. es una empresa adherida al Acuerdo de Puerto Seguro. Este acuerdo garantiza que los datos transferidos ser\u00e1n tratados con un nivel de protecci\u00f3n acorde a la normativa europea. Puede consultar la ficha de registro de Google en este enlace: Ficha de registro de Google en el Acuerdo de Puerto Seguro.<\/p>\n\n\n\n<p>Si desea obtener m\u00e1s informaci\u00f3n acerca de las cookies usadas por Google Analytics, por favor acceda a esta direcci\u00f3n: Conceptos sobre cookies de Google Analytics.<\/p>\n\n\n\n<p>Google ha desarrollado un complemento que puede instalar en su navegador si desea no ser rastreado por sus cookies: Complemento Opt-out de Google Analytics.<\/p>\n\n\n\n<p>La elecci\u00f3n que tome acerca del uso de cookies de Google Analytics en este sitio se grabara en una cookie adicional que ser\u00e1 almacenada igualmente en su ordenador.<\/p>\n\n\n\n<p><strong>Fuero y Jurisdicci\u00f3n<\/strong><\/p>\n\n\n\n<p>Las presentes condiciones generales se rigen por el derecho espa\u00f1ol.<\/p>\n\n\n\n<p>AGRUPACI\u00d3N EMPRESARIAL BILBAO CENTRO&nbsp;y el usuario, con renuncia expresa a cualquier otro fuero y jurisdicci\u00f3n que pudiera corresponderles, se someten a los juzgados y tribunales de Bilbao para cualquier controversia que pudiera derivarse del acceso o utilizaci\u00f3n del sitio Web.<\/p>\n","protected":false},"excerpt":{"rendered":"<p>El presente aviso legal (en adelante, el \u00abAviso Legal\u00bb) regula el uso del servicio del portal de Internet http:\/\/hosteleriabilbao.com (en&hellip;<\/p>\n","protected":false},"author":1,"featured_media":0,"parent":0,"menu_order":0,"comment_status":"closed","ping_status":"open","template":"","meta":[],"_links":{"self":[{"href":"https:\/\/www.hosteleriabilbao.com\/index.php\/wp-json\/wp\/v2\/pages\/3"}],"collection":[{"href":"https:\/\/www.hosteleriabilbao.com\/index.php\/wp-json\/wp\/v2\/pages"}],"about":[{"href":"https:\/\/www.hosteleriabilbao.com\/index.php\/wp-json\/wp\/v2\/types\/page"}],"author":[{"embeddable":true,"href":"https:\/\/www.hosteleriabilbao.com\/index.php\/wp-json\/wp\/v2\/users\/1"}],"replies":[{"embeddable":true,"href":"https:\/\/www.hosteleriabilbao.com\/index.php\/wp-json\/wp\/v2\/comments?post=3"}],"version-history":[{"count":0,"href":"https:\/\/www.hosteleriabilbao.com\/index.php\/wp-json\/wp\/v2\/pages\/3\/revisions"}],"wp:attachment":[{"href":"https:\/\/www.hosteleriabilbao.com\/index.php\/wp-json\/wp\/v2\/media?parent=3"}],"curies":[{"name":"wp","href":"https:\/\/api.w.org\/{rel}","templated":true}]}}